{"id":6,"date":"2018-03-18T15:23:41","date_gmt":"2018-03-18T15:23:41","guid":{"rendered":"http:\/\/happylearningschool.net\/?page_id=6"},"modified":"2021-08-04T18:14:06","modified_gmt":"2021-08-04T22:14:06","slug":"carrito","status":"publish","type":"page","link":"http:\/\/happylearningschool.net\/?page_id=6","title":{"rendered":"Carrito"},"content":{"rendered":"<p>[et_pb_section fb_built=\u00bb1&#8243; admin_label=\u00bbsection\u00bb _builder_version=\u00bb3.0.47&#8243;][et_pb_row admin_label=\u00bbrow\u00bb _builder_version=\u00bb3.0.48&#8243; background_size=\u00bbinitial\u00bb background_position=\u00bbtop_left\u00bb background_repeat=\u00bbrepeat\u00bb][et_pb_column type=\u00bb1_2&#8243; _builder_version=\u00bb3.0.47&#8243; parallax=\u00bboff\u00bb parallax_method=\u00bbon\u00bb][et_pb_code _builder_version=\u00bb3.12.2&#8243;][\/et_pb_code][et_pb_code _builder_version=\u00bb3.12.2&#8243;]&lt;form action=&quot;https:\/\/www.paypal.com\/cgi-bin\/webscr&quot; method=&quot;post&quot; target=&quot;_top&quot;&gt;&lt;!&#8211; [et_pb_line_break_holder] &#8211;&gt;&lt;input type=&quot;hidden&quot; name=&quot;cmd&quot; value=&quot;_s-xclick&quot;&gt;&lt;!&#8211; [et_pb_line_break_holder] &#8211;&gt;&lt;input type=&quot;hidden&quot; name=&quot;hosted_button_id&quot; value=&quot;4SKQZ8K7HJ3A4&quot;&gt;&lt;!&#8211; [et_pb_line_break_holder] &#8211;&gt;&lt;table&gt;&lt;!&#8211; [et_pb_line_break_holder] &#8211;&gt;&lt;tr&gt;&lt;td&gt;&lt;input type=&quot;hidden&quot; name=&quot;on0&quot; value=&quot;PAGO DE MENSUALIDAD ESCOLAR&quot;&gt;PAGO DE MENSUALIDAD ESCOLAR&lt;\/td&gt;&lt;\/tr&gt;&lt;tr&gt;&lt;td&gt;&lt;select name=&quot;os0&quot;&gt;&lt;!&#8211; [et_pb_line_break_holder] &#8211;&gt;\t&lt;option value=&quot;NIVEL INICIAL&quot;&gt;NIVEL INICIAL $84.00 USD&lt;\/option&gt;&lt;!&#8211; [et_pb_line_break_holder] &#8211;&gt;\t&lt;option value=&quot;NIVEL PRIMARIO&quot;&gt;NIVEL PRIMARIO $86.00 USD&lt;\/option&gt;&lt;!&#8211; [et_pb_line_break_holder] &#8211;&gt;\t&lt;option value=&quot;NIVEL SECUNDARIO&quot;&gt;NIVEL SECUNDARIO $88.00 USD&lt;\/option&gt;&lt;!&#8211; [et_pb_line_break_holder] &#8211;&gt;&lt;\/select&gt; &lt;\/td&gt;&lt;\/tr&gt;&lt;!&#8211; [et_pb_line_break_holder] &#8211;&gt;&lt;tr&gt;&lt;td&gt;&lt;input type=&quot;hidden&quot; name=&quot;on1&quot; value=&quot;Nombre del Estudiante&quot;&gt;Nombre del Estudiante&lt;\/td&gt;&lt;\/tr&gt;&lt;tr&gt;&lt;td&gt;&lt;input type=&quot;text&quot; name=&quot;os1&quot; maxlength=&quot;200&quot;&gt;&lt;\/td&gt;&lt;\/tr&gt;&lt;!&#8211; [et_pb_line_break_holder] &#8211;&gt;&lt;tr&gt;&lt;td&gt;&lt;input type=&quot;hidden&quot; name=&quot;on2&quot; value=&quot;Grado&quot;&gt;Grado&lt;\/td&gt;&lt;\/tr&gt;&lt;tr&gt;&lt;td&gt;&lt;input type=&quot;text&quot; name=&quot;os2&quot; maxlength=&quot;200&quot;&gt;&lt;\/td&gt;&lt;\/tr&gt;&lt;!&#8211; [et_pb_line_break_holder] &#8211;&gt;&lt;\/table&gt;&lt;!&#8211; [et_pb_line_break_holder] &#8211;&gt;&lt;input type=&quot;hidden&quot; name=&quot;currency_code&quot; value=&quot;USD&quot;&gt;&lt;!&#8211; [et_pb_line_break_holder] &#8211;&gt;&lt;input type=&quot;image&quot; src=&quot;https:\/\/www.paypalobjects.com\/en_US\/i\/btn\/btn_paynowCC_LG.gif&quot; border=&quot;0&quot; name=&quot;submit&quot; alt=&quot;PayPal &#8211; The safer, easier way to pay online!&quot;&gt;&lt;!&#8211; [et_pb_line_break_holder] &#8211;&gt;&lt;img alt=&quot;&quot; border=&quot;0&quot; src=&quot;https:\/\/www.paypalobjects.com\/es_XC\/i\/scr\/pixel.gif&quot; width=&quot;1&quot; height=&quot;1&quot;&gt;&lt;!&#8211; [et_pb_line_break_holder] &#8211;&gt;&lt;\/form&gt;&lt;!&#8211; [et_pb_line_break_holder] &#8211;&gt;[\/et_pb_code][\/et_pb_column][et_pb_column type=\u00bb1_2&#8243; _builder_version=\u00bb3.0.47&#8243; parallax=\u00bboff\u00bb parallax_method=\u00bbon\u00bb][et_pb_button button_url=\u00bbhttp:\/\/Paypal.me\/Happylearningschool\u00bb url_new_window=\u00bbon\u00bb button_text=\u00bbREALIZAR PAGO DE MONTO ABIERTO EN PAYPAL\u00bb _builder_version=\u00bb3.12.2&#8243; custom_button=\u00bbon\u00bb button_text_size=\u00bb25px\u00bb button_text_color=\u00bb#0c71c3&#8243; button_font=\u00bb|800|||||||\u00bb button_icon=\u00bb%%155%%\u00bb][\/et_pb_button][et_pb_text _builder_version=\u00bb3.12.2&#8243;]<\/p>\n<p>*Favor insertar el monto equivalente en D\u00f3lares actualizados<\/p>\n<p>[\/et_pb_text][et_pb_image src=\u00bbhttp:\/\/happylearningschool.net\/wp-content\/uploads\/2021\/08\/QR-AZUL.png\u00bb _builder_version=\u00bb3.12.2&#8243;][\/et_pb_image][\/et_pb_column][\/et_pb_row][et_pb_row _builder_version=\u00bb3.12.2&#8243;][et_pb_column type=\u00bb1_2&#8243; _builder_version=\u00bb3.12.2&#8243; parallax=\u00bboff\u00bb parallax_method=\u00bbon\u00bb][et_pb_text _builder_version=\u00bb3.12.2&#8243;]<\/p>\n<h5 style=\"text-align: left;\"><strong><span style=\"color: #ff0000;\">Para transferencias a cuentas corrientes:<\/span><\/strong><\/h5>\n<h5 style=\"text-align: left;\"><strong><span style=\"color: #ff0000;\">CENTRO EDUCATIVO APRENDIENDO FELIZ, SRL<\/span><\/strong><\/h5>\n<p><strong><span style=\"color: #ff0000;\"><\/span><\/strong><\/p>\n<h6><span style=\"color: #0b0ebf;\"><strong>RNC: 130227675<\/strong><\/span><\/h6>\n<h6><span style=\"color: #0b0ebf;\"><strong>&#8211; BCO. POPULAR DOMINICANO: 734-238-256<\/strong><\/span><\/h6>\n<h6><span style=\"color: #0b0ebf;\"><strong>&#8211; BCO. BHD LEON: 253-859-70015<\/strong><\/span><\/h6>\n<p><span style=\"color: #0b0ebf;\"><strong>&#8211; BCO. DE RESERVAS: 960-346-9729<\/strong><\/span><\/p>\n<p><strong><span style=\"color: #000000;\">*Para pagos online con Tarjeta de Cr\u00e9dito<\/span><\/strong><\/p>\n<p style=\"text-align: justify;\"><em><strong><span style=\"color: #000000;\">Opci\u00f3n 1. Solicitando un link de pago v\u00eda WhatsApp<\/span><\/strong><\/em><\/p>\n<p style=\"text-align: justify;\"><em><strong><span style=\"color: #000000;\">Opci\u00f3n 2. Llamando v\u00eda telef\u00f3nica<\/span><\/strong><\/em><\/p>\n<p>[\/et_pb_text][\/et_pb_column][et_pb_column type=\u00bb1_2&#8243; _builder_version=\u00bb3.12.2&#8243; parallax=\u00bboff\u00bb parallax_method=\u00bbon\u00bb][et_pb_text _builder_version=\u00bb3.12.2&#8243;]<\/p>\n<p><strong><span style=\"color: #0b6d06;\">Enviar comprobante de su pago al WhatsApp: +1 (809)-788-2586<\/span><\/strong><\/p>\n<p><strong>Para reclamaciones favor comunicarse tambi\u00e9n a esa v\u00eda o nuestro<\/strong><\/p>\n<p><strong>E-Mail: Secretaria@happylearningschool.net<\/strong><\/p>\n<p>[\/et_pb_text][\/et_pb_column][\/et_pb_row][\/et_pb_section]<\/p>\n","protected":false},"excerpt":{"rendered":"<p>[et_pb_section fb_built=\u00bb1&#8243; admin_label=\u00bbsection\u00bb _builder_version=\u00bb3.0.47&#8243;][et_pb_row admin_label=\u00bbrow\u00bb _builder_version=\u00bb3.0.48&#8243; background_size=\u00bbinitial\u00bb background_position=\u00bbtop_left\u00bb background_repeat=\u00bbrepeat\u00bb][et_pb_column type=\u00bb1_2&#8243; _builder_version=\u00bb3.0.47&#8243; parallax=\u00bboff\u00bb parallax_method=\u00bbon\u00bb][et_pb_code _builder_version=\u00bb3.12.2&#8243;][\/et_pb_code][et_pb_code _builder_version=\u00bb3.12.2&#8243;]&lt;form action=&quot;https:\/\/www.paypal.com\/cgi-bin\/webscr&quot; method=&quot;post&quot; target=&quot;_top&quot;&gt;&lt;!&#8211; [et_pb_line_break_holder] &#8211;&gt;&lt;input type=&quot;hidden&quot; name=&quot;cmd&quot; value=&quot;_s-xclick&quot;&gt;&lt;!&#8211; [et_pb_line_break_holder] &#8211;&gt;&lt;input type=&quot;hidden&quot; name=&quot;hosted_button_id&quot; value=&quot;4SKQZ8K7HJ3A4&quot;&gt;&lt;!&#8211; [et_pb_line_break_holder] &#8211;&gt;&lt;table&gt;&lt;!&#8211; [et_pb_line_break_holder] &#8211;&gt;&lt;tr&gt;&lt;td&gt;&lt;input type=&quot;hidden&quot; name=&quot;on0&quot; value=&quot;PAGO DE MENSUALIDAD ESCOLAR&quot;&gt;PAGO DE MENSUALIDAD ESCOLAR&lt;\/td&gt;&lt;\/tr&gt;&lt;tr&gt;&lt;td&gt;&lt;select name=&quot;os0&quot;&gt;&lt;!&#8211; [et_pb_line_break_holder] &#8211;&gt; &lt;option value=&quot;NIVEL INICIAL&quot;&gt;NIVEL INICIAL $84.00 USD&lt;\/option&gt;&lt;!&#8211; [et_pb_line_break_holder] &#8211;&gt; &lt;option value=&quot;NIVEL PRIMARIO&quot;&gt;NIVEL [&hellip;]<\/p>\n","protected":false},"author":3,"featured_media":0,"parent":0,"menu_order":0,"comment_status":"closed","ping_status":"closed","template":"","meta":{"footnotes":""},"class_list":["post-6","page","type-page","status-publish","hentry"],"_links":{"self":[{"href":"http:\/\/happylearningschool.net\/index.php?rest_route=\/wp\/v2\/pages\/6"}],"collection":[{"href":"http:\/\/happylearningschool.net\/index.php?rest_route=\/wp\/v2\/pages"}],"about":[{"href":"http:\/\/happylearningschool.net\/index.php?rest_route=\/wp\/v2\/types\/page"}],"author":[{"embeddable":true,"href":"http:\/\/happylearningschool.net\/index.php?rest_route=\/wp\/v2\/users\/3"}],"replies":[{"embeddable":true,"href":"http:\/\/happylearningschool.net\/index.php?rest_route=%2Fwp%2Fv2%2Fcomments&post=6"}],"version-history":[{"count":10,"href":"http:\/\/happylearningschool.net\/index.php?rest_route=\/wp\/v2\/pages\/6\/revisions"}],"predecessor-version":[{"id":207571,"href":"http:\/\/happylearningschool.net\/index.php?rest_route=\/wp\/v2\/pages\/6\/revisions\/207571"}],"wp:attachment":[{"href":"http:\/\/happylearningschool.net\/index.php?rest_route=%2Fwp%2Fv2%2Fmedia&parent=6"}],"curies":[{"name":"wp","href":"https:\/\/api.w.org\/{rel}","templated":true}]}}