{"id":206948,"date":"2018-06-08T15:48:16","date_gmt":"2018-06-08T19:48:16","guid":{"rendered":"http:\/\/happylearningschool.net\/?page_id=206948"},"modified":"2025-06-14T10:28:41","modified_gmt":"2025-06-14T14:28:41","slug":"requisitos-de-admision","status":"publish","type":"page","link":"http:\/\/happylearningschool.net\/?page_id=206948","title":{"rendered":"Requisitos de admisi\u00f3n"},"content":{"rendered":"<p>[et_pb_section fb_built=\u00bb1&#8243; admin_label=\u00bbPage Title Section\u00bb _builder_version=\u00bb3.6&#8243; use_background_color_gradient=\u00bbon\u00bb background_color_gradient_start=\u00bb#41b6d3&#8243; background_color_gradient_end=\u00bb#3769b3&#8243; background_color_gradient_direction=\u00bb100deg\u00bb background_image=\u00bbhttp:\/\/happylearningschool.net\/wp-content\/uploads\/2018\/06\/section-bg-heptagon-right2.png\u00bb custom_padding=\u00bb100px||100px||false|false\u00bb][et_pb_row admin_label=\u00bbPage Title Area\u00bb _builder_version=\u00bb3.0.92&#8243; background_size=\u00bbinitial\u00bb background_position=\u00bbtop_left\u00bb background_repeat=\u00bbrepeat\u00bb][et_pb_column type=\u00bb4_4&#8243; _builder_version=\u00bb3.0.47&#8243; parallax=\u00bboff\u00bb parallax_method=\u00bbon\u00bb][et_pb_text admin_label=\u00bbTitle\u00bb _builder_version=\u00bb3.6&#8243; text_font=\u00bbPoppins||||||||\u00bb text_font_size=\u00bb18px\u00bb text_line_height=\u00bb1.8em\u00bb header_font=\u00bbPoppins|600|||||||\u00bb header_text_color=\u00bbrgba(255,255,255,0.85)\u00bb header_font_size=\u00bb35px\u00bb header_line_height=\u00bb1.4em\u00bb text_orientation=\u00bbcenter\u00bb background_layout=\u00bbdark\u00bb max_width=\u00bb700px\u00bb module_alignment=\u00bbcenter\u00bb custom_margin=\u00bb|||\u00bb animation_style=\u00bbfade\u00bb]<\/p>\n<h1>PROCESO DE ADMISI\u00d3N &#8211; REQUISITOS<\/h1>\n<p>Los alumnos de nuevo ingreso deben ser evaluados, para su inscripci\u00f3n en el centro por citas. (las evaluaciones solo se aplican desde los 4 a\u00f1os).<\/p>\n<p>Costo de la evaluaci\u00f3n\u00a0<strong>RD$1,000.00<\/strong><\/p>\n<p>Puede realizarla por nuestras oficinas o aqu\u00ed mismo online. Se le llamar\u00e1 para programar una cita de evaluaci\u00f3n y entrevista paralela.<\/p>\n<p>[\/et_pb_text][\/et_pb_column][\/et_pb_row][\/et_pb_section][et_pb_section fb_built=\u00bb1&#8243; admin_label=\u00bbFAQ Section\u00bb _builder_version=\u00bb3.6&#8243; use_background_color_gradient=\u00bbon\u00bb background_color_gradient_start=\u00bb#ffffff\u00bb background_color_gradient_end=\u00bb#eeeeee\u00bb background_color_gradient_direction=\u00bb100deg\u00bb background_position=\u00bbbottom_center\u00bb custom_padding=\u00bb90px|0px|90px|\u00bb][et_pb_row custom_padding=\u00bb|||\u00bb admin_label=\u00bbTitle Area\u00bb _builder_version=\u00bb3.0.92&#8243; locked=\u00bboff\u00bb][et_pb_column type=\u00bb4_4&#8243; _builder_version=\u00bb3.0.47&#8243; parallax=\u00bboff\u00bb parallax_method=\u00bbon\u00bb][et_pb_text admin_label=\u00bbTitle\u00bb _builder_version=\u00bb3.6&#8243; text_font=\u00bbPoppins||||||||\u00bb text_font_size=\u00bb16px\u00bb text_line_height=\u00bb1.8em\u00bb header_2_font=\u00bbPoppins|600|||||||\u00bb header_2_text_color=\u00bbrgba(12,113,195,0.79)\u00bb header_2_font_size=\u00bb36px\u00bb header_2_line_height=\u00bb1.4em\u00bb text_orientation=\u00bbcenter\u00bb background_layout=\u00bbdark\u00bb max_width=\u00bb550px\u00bb module_alignment=\u00bbcenter\u00bb custom_margin=\u00bb||10px|\u00bb animation_style=\u00bbslide\u00bb animation_direction=\u00bbtop\u00bb animation_intensity_slide=\u00bb10%\u00bb animation_starting_opacity=\u00bb100%\u00bb]<\/p>\n<h2>Requisitos<\/h2>\n<p>[\/et_pb_text][\/et_pb_column][\/et_pb_row][et_pb_row admin_label=\u00bbFAQ Area\u00bb _builder_version=\u00bb3.12.2&#8243;][et_pb_column type=\u00bb1_3&#8243; _builder_version=\u00bb3.0.47&#8243; parallax=\u00bboff\u00bb parallax_method=\u00bbon\u00bb][et_pb_text admin_label=\u00bbTitle\u00bb _builder_version=\u00bb3.6&#8243; text_font=\u00bbPoppins||||||||\u00bb text_text_color=\u00bbrgba(12,113,195,0.7)\u00bb text_font_size=\u00bb16px\u00bb text_line_height=\u00bb1.8em\u00bb header_2_font=\u00bbPoppins||||||||\u00bb header_2_text_color=\u00bb#0c71c3&#8243; header_2_font_size=\u00bb22px\u00bb header_2_line_height=\u00bb1.4em\u00bb background_layout=\u00bbdark\u00bb custom_margin=\u00bb|||\u00bb custom_padding=\u00bb|||\u00bb animation_style=\u00bbfade\u00bb]<\/p>\n<h2><b>Nivel Inicial<\/b><\/h2>\n<ol>\n<li style=\"list-style-type: none;\">\n<ol>\n<li>2 FOTOS 2*2 nombre al dorso.<\/li>\n<li>Extracto de acta nacimiento (original)<\/li>\n<li>Bolet\u00edn de Notas (Calificaciones)<\/li>\n<li>Certificado M\u00e9dico<\/li>\n<li>Copia de cedula de los padres.<\/li>\n<li>Copia tarjeta de vacuna<\/li>\n<\/ol>\n<\/li>\n<\/ol>\n<p><strong>Si aplica<\/strong><\/p>\n<ol>\n<li>Historial del SIGERD<\/li>\n<li>Carta de buena conducta del colegio anterior.<\/li>\n<li>Carta de Saldo del colegio anterior<\/li>\n<\/ol>\n<p>[\/et_pb_text][\/et_pb_column][et_pb_column type=\u00bb1_3&#8243; _builder_version=\u00bb3.0.47&#8243; parallax=\u00bboff\u00bb parallax_method=\u00bbon\u00bb][et_pb_text admin_label=\u00bbTitle\u00bb _builder_version=\u00bb3.6&#8243; text_font=\u00bbPoppins||||||||\u00bb text_text_color=\u00bbrgba(12,113,195,0.7)\u00bb text_font_size=\u00bb16px\u00bb text_line_height=\u00bb1.8em\u00bb header_2_font=\u00bbPoppins||||||||\u00bb header_2_text_color=\u00bb#0c71c3&#8243; header_2_font_size=\u00bb22px\u00bb header_2_line_height=\u00bb1.4em\u00bb background_layout=\u00bbdark\u00bb custom_margin=\u00bb|||\u00bb custom_padding=\u00bb|||\u00bb animation_style=\u00bbfade\u00bb]<\/p>\n<h2><b>Primaria <span style=\"font-size: x-small;\">(1ro a 6to)<\/span><\/b><\/h2>\n<ol>\n<li>2 FOTOS 2 x 2 nombre al dorso.<\/li>\n<li>Extracto de acta de nacimiento (original)<\/li>\n<li>Bolet\u00edn de Notas (Calificaciones)<\/li>\n<li>Copia de c\u00e9dula de ambos padres.<\/li>\n<li>Certificado M\u00e9dico<\/li>\n<li>Copia tarjeta de vacuna<\/li>\n<li>Historial del SIGERD<\/li>\n<li>Carta de buena conducta colegio anterior<\/li>\n<li>Carta de Saldo del colegio anterior<\/li>\n<\/ol>\n<p><strong>Nota:<\/strong> Si es extranjero convalidaci\u00f3n de estudios aprobado por el Ministerio de educaci\u00f3n (Obligatorio).<\/p>\n<p>[\/et_pb_text][\/et_pb_column][et_pb_column type=\u00bb1_3&#8243; _builder_version=\u00bb3.0.47&#8243; parallax=\u00bboff\u00bb parallax_method=\u00bbon\u00bb][et_pb_text admin_label=\u00bbTitle\u00bb _builder_version=\u00bb3.6&#8243; text_font=\u00bbPoppins||||||||\u00bb text_text_color=\u00bbrgba(12,113,195,0.7)\u00bb text_font_size=\u00bb16px\u00bb text_line_height=\u00bb1.8em\u00bb header_2_font=\u00bbPoppins||||||||\u00bb header_2_text_color=\u00bb#0c71c3&#8243; header_2_font_size=\u00bb22px\u00bb header_2_line_height=\u00bb1.4em\u00bb background_layout=\u00bbdark\u00bb custom_margin=\u00bb|||\u00bb custom_padding=\u00bb|||\u00bb animation_style=\u00bbfade\u00bb]<\/p>\n<h2><b>Secundaria<\/b><\/h2>\n<ol>\n<li>2 FOTOS 2 x 2 nombre al dorso.<\/li>\n<li>Extracto de acta de nacimiento (original).<\/li>\n<li>Bolet\u00edn de Notas (Calificaciones).<\/li>\n<li>Certificado de 6to y del curso anterior si aplica.<\/li>\n<li>Copia de c\u00e9dula de ambos padres.<\/li>\n<li>Certificado M\u00e9dico<\/li>\n<li>Copia tarjeta de vacuna<\/li>\n<li>Historial del SIGERD<\/li>\n<li>Carta de buena conducta colegio anterior<\/li>\n<li>Carta de Saldo del colegio anterior.<\/li>\n<\/ol>\n<p>[\/et_pb_text][\/et_pb_column][\/et_pb_row][et_pb_row _builder_version=\u00bb3.0.95&#8243;][et_pb_column type=\u00bb4_4&#8243; _builder_version=\u00bb3.0.47&#8243; parallax=\u00bboff\u00bb parallax_method=\u00bbon\u00bb][et_pb_text _builder_version=\u00bb3.6&#8243; text_font=\u00bbPoppins||||||||\u00bb text_font_size=\u00bb15px\u00bb text_orientation=\u00bbcenter\u00bb]<\/p>\n<p><strong>Nota:<\/strong><\/p>\n<p>Los estudiantes no est\u00e1n formalmente admitidos, hasta depositar todas las documentaciones descritas.<\/p>\n<p>Imprimir el siguiente formulario y debe ser llenado en el colegio de procedencia.<\/p>\n<p>[\/et_pb_text][et_pb_button button_url=\u00bbhttps:\/\/drive.google.com\/open?id=1On5CxOKicIWBf795YMYkvEsSjMOGoV7O\u00bb url_new_window=\u00bbon\u00bb button_text=\u00bbDESCARGAR FORMULARIO\u00bb button_alignment=\u00bbcenter\u00bb _builder_version=\u00bb3.12.2&#8243; custom_button=\u00bbon\u00bb button_text_size=\u00bb18px\u00bb button_text_color=\u00bb#ffffff\u00bb button_bg_color=\u00bb#e02b20&#8243; button_font=\u00bb||||||||\u00bb button_icon=\u00bb%%266%%\u00bb background_layout=\u00bbdark\u00bb][\/et_pb_button][et_pb_button button_url=\u00bbhttp:\/\/happylearningschool.net\/admision\/\u00bb button_text=\u00bbAdmisi\u00f3n Aqu\u00ed \u00bb button_alignment=\u00bbcenter\u00bb admin_label=\u00bbadmisi\u00f3n aqui\u00bb _builder_version=\u00bb3.6&#8243; custom_button=\u00bbon\u00bb button_text_size=\u00bb14px\u00bb button_text_color=\u00bb#8b20bb\u00bb button_bg_color=\u00bb#ffffff\u00bb button_border_width=\u00bb12px\u00bb button_border_color=\u00bb#ffffff\u00bb button_letter_spacing=\u00bb2px\u00bb button_font=\u00bbPoppins|600||on|||||\u00bb button_use_icon=\u00bboff\u00bb button_text_color_hover=\u00bb#ffffff\u00bb button_bg_color_hover=\u00bb#0c71c3&#8243; button_border_color_hover=\u00bb#0c71c3&#8243; locked=\u00bboff\u00bb][\/et_pb_button][\/et_pb_column][\/et_pb_row][\/et_pb_section]<\/p>\n","protected":false},"excerpt":{"rendered":"<p>[et_pb_section fb_built=\u00bb1&#8243; admin_label=\u00bbPage Title Section\u00bb _builder_version=\u00bb3.6&#8243; use_background_color_gradient=\u00bbon\u00bb background_color_gradient_start=\u00bb#41b6d3&#8243; background_color_gradient_end=\u00bb#3769b3&#8243; background_color_gradient_direction=\u00bb100deg\u00bb background_image=\u00bbhttp:\/\/happylearningschool.net\/wp-content\/uploads\/2018\/06\/section-bg-heptagon-right2.png\u00bb custom_padding=\u00bb100px||100px||false|false\u00bb][et_pb_row admin_label=\u00bbPage Title Area\u00bb _builder_version=\u00bb3.0.92&#8243; background_size=\u00bbinitial\u00bb background_position=\u00bbtop_left\u00bb background_repeat=\u00bbrepeat\u00bb][et_pb_column type=\u00bb4_4&#8243; _builder_version=\u00bb3.0.47&#8243; parallax=\u00bboff\u00bb parallax_method=\u00bbon\u00bb][et_pb_text admin_label=\u00bbTitle\u00bb _builder_version=\u00bb3.6&#8243; text_font=\u00bbPoppins||||||||\u00bb text_font_size=\u00bb18px\u00bb text_line_height=\u00bb1.8em\u00bb header_font=\u00bbPoppins|600|||||||\u00bb header_text_color=\u00bbrgba(255,255,255,0.85)\u00bb header_font_size=\u00bb35px\u00bb header_line_height=\u00bb1.4em\u00bb text_orientation=\u00bbcenter\u00bb background_layout=\u00bbdark\u00bb max_width=\u00bb700px\u00bb module_alignment=\u00bbcenter\u00bb custom_margin=\u00bb|||\u00bb animation_style=\u00bbfade\u00bb] PROCESO DE ADMISI\u00d3N &#8211; REQUISITOS Los alumnos de nuevo ingreso deben ser evaluados, para su inscripci\u00f3n en [&hellip;]<\/p>\n","protected":false},"author":3,"featured_media":0,"parent":0,"menu_order":0,"comment_status":"closed","ping_status":"closed","template":"","meta":{"footnotes":""},"class_list":["post-206948","page","type-page","status-publish","hentry"],"_links":{"self":[{"href":"http:\/\/happylearningschool.net\/index.php?rest_route=\/wp\/v2\/pages\/206948"}],"collection":[{"href":"http:\/\/happylearningschool.net\/index.php?rest_route=\/wp\/v2\/pages"}],"about":[{"href":"http:\/\/happylearningschool.net\/index.php?rest_route=\/wp\/v2\/types\/page"}],"author":[{"embeddable":true,"href":"http:\/\/happylearningschool.net\/index.php?rest_route=\/wp\/v2\/users\/3"}],"replies":[{"embeddable":true,"href":"http:\/\/happylearningschool.net\/index.php?rest_route=%2Fwp%2Fv2%2Fcomments&post=206948"}],"version-history":[{"count":25,"href":"http:\/\/happylearningschool.net\/index.php?rest_route=\/wp\/v2\/pages\/206948\/revisions"}],"predecessor-version":[{"id":208326,"href":"http:\/\/happylearningschool.net\/index.php?rest_route=\/wp\/v2\/pages\/206948\/revisions\/208326"}],"wp:attachment":[{"href":"http:\/\/happylearningschool.net\/index.php?rest_route=%2Fwp%2Fv2%2Fmedia&parent=206948"}],"curies":[{"name":"wp","href":"https:\/\/api.w.org\/{rel}","templated":true}]}}