{"id":206919,"date":"2018-06-08T14:39:56","date_gmt":"2018-06-08T18:39:56","guid":{"rendered":"http:\/\/happylearningschool.net\/?page_id=206919"},"modified":"2021-09-01T07:03:30","modified_gmt":"2021-09-01T11:03:30","slug":"que-ofrecemos","status":"publish","type":"page","link":"http:\/\/happylearningschool.net\/?page_id=206919","title":{"rendered":"Que ofrecemos"},"content":{"rendered":"<p>[et_pb_section fb_built=\u00bb1&#8243; admin_label=\u00bbPage Title Section\u00bb _builder_version=\u00bb3.0.92&#8243; use_background_color_gradient=\u00bbon\u00bb background_color_gradient_start=\u00bb#6b73ff\u00bb background_color_gradient_end=\u00bb#000dff\u00bb background_color_gradient_direction=\u00bb100deg\u00bb background_image=\u00bbhttp:\/\/happylearningschool.net\/wp-content\/uploads\/2018\/06\/section-bg-heptagon-right2.png\u00bb custom_padding=\u00bb100px||100px|\u00bb][et_pb_row admin_label=\u00bbPage Title Area\u00bb _builder_version=\u00bb3.0.92&#8243; background_size=\u00bbinitial\u00bb background_position=\u00bbtop_left\u00bb background_repeat=\u00bbrepeat\u00bb][et_pb_column type=\u00bb4_4&#8243; _builder_version=\u00bb3.0.47&#8243; parallax=\u00bboff\u00bb parallax_method=\u00bbon\u00bb][et_pb_text admin_label=\u00bbTitle\u00bb _builder_version=\u00bb3.6&#8243; text_font=\u00bbPoppins||||||||\u00bb text_font_size=\u00bb18px\u00bb text_line_height=\u00bb1.8em\u00bb header_font=\u00bbPoppins|600|||||||\u00bb header_font_size=\u00bb48px\u00bb header_line_height=\u00bb1.4em\u00bb text_orientation=\u00bbcenter\u00bb background_layout=\u00bbdark\u00bb max_width=\u00bb700px\u00bb module_alignment=\u00bbcenter\u00bb custom_margin=\u00bb|||\u00bb animation_style=\u00bbfade\u00bb]<\/p>\n<h1>QUE OFRECEMOS<\/h1>\n<p>Que puede obtener en nuestro centro educativo<\/p>\n<p>[\/et_pb_text][\/et_pb_column][\/et_pb_row][\/et_pb_section][et_pb_section fb_built=\u00bb1&#8243; admin_label=\u00bbService Section\u00bb _builder_version=\u00bb3.0.95&#8243; background_image=\u00bbhttp:\/\/happylearningschool.net\/wp-content\/uploads\/2018\/06\/section-bg-wave-left3.png\u00bb custom_padding=\u00bb90px||90px|0px\u00bb][et_pb_row admin_label=\u00bbServices Area\u00bb _builder_version=\u00bb3.0.92&#8243;][et_pb_column type=\u00bb1_3&#8243; _builder_version=\u00bb3.0.47&#8243; parallax=\u00bboff\u00bb parallax_method=\u00bbon\u00bb][et_pb_image src=\u00bbhttp:\/\/happylearningschool.net\/wp-content\/uploads\/2018\/06\/language.png\u00bb _builder_version=\u00bb3.6&#8243; custom_margin=\u00bb|||\u00bb][\/et_pb_image][et_pb_cta title=\u00bbPROGRAMA DE INGLES AVANZADO\u00bb button_url=\u00bb#\u00bb admin_label=\u00bbService\u00bb _builder_version=\u00bb3.6&#8243; header_font=\u00bbPoppins|600|||||||\u00bb header_text_color=\u00bb#2a2a2a\u00bb header_font_size=\u00bb18px\u00bb header_line_height=\u00bb1.4em\u00bb body_font=\u00bbPoppins||||||||\u00bb body_text_color=\u00bb#666666&#8243; body_line_height=\u00bb1.8em\u00bb use_background_color=\u00bboff\u00bb custom_button=\u00bbon\u00bb button_text_size=\u00bb14px\u00bb button_text_color=\u00bb#8b20bb\u00bb button_bg_color=\u00bbrgba(0,0,0,0)\u00bb button_border_width=\u00bb0px\u00bb button_letter_spacing=\u00bb2px\u00bb button_font=\u00bbPoppins|600||on|||||\u00bb button_icon=\u00bb%%3%%\u00bb button_alignment=\u00bbleft\u00bb text_orientation=\u00bbleft\u00bb custom_margin=\u00bb|||\u00bb custom_padding=\u00bb|||\u00bb animation_style=\u00bbfade\u00bb]<\/p>\n<p style=\"text-align: justify;\">1 hora diaria en todos los grados.<\/p>\n<p><em>Listening &amp; Speaking Program<\/em><\/p>\n<p>[\/et_pb_cta][\/et_pb_column][et_pb_column type=\u00bb1_3&#8243; _builder_version=\u00bb3.0.47&#8243; parallax=\u00bboff\u00bb parallax_method=\u00bbon\u00bb][et_pb_image src=\u00bbhttp:\/\/happylearningschool.net\/wp-content\/uploads\/2018\/06\/basketball.png\u00bb _builder_version=\u00bb3.6&#8243; custom_margin=\u00bb|||\u00bb locked=\u00bboff\u00bb][\/et_pb_image][et_pb_cta title=\u00bbDEPORTE\u00bb button_url=\u00bb#\u00bb admin_label=\u00bbService\u00bb _builder_version=\u00bb3.6&#8243; header_font=\u00bbPoppins|600|||||||\u00bb header_text_color=\u00bb#2a2a2a\u00bb header_font_size=\u00bb18px\u00bb header_line_height=\u00bb1.4em\u00bb body_font=\u00bbPoppins||||||||\u00bb body_text_color=\u00bb#666666&#8243; body_line_height=\u00bb1.8em\u00bb use_background_color=\u00bboff\u00bb custom_button=\u00bbon\u00bb button_text_size=\u00bb14px\u00bb button_text_color=\u00bb#8b20bb\u00bb button_bg_color=\u00bbrgba(0,0,0,0)\u00bb button_border_width=\u00bb0px\u00bb button_letter_spacing=\u00bb2px\u00bb button_font=\u00bbPoppins|600||on|||||\u00bb button_icon=\u00bb%%3%%\u00bb button_alignment=\u00bbleft\u00bb text_orientation=\u00bbleft\u00bb custom_margin=\u00bb|||\u00bb custom_padding=\u00bb|||\u00bb animation_style=\u00bbfade\u00bb locked=\u00bboff\u00bb]<\/p>\n<p style=\"text-align: justify;\">Divertido, ejercicios adaptados a cada edad.<\/p>\n<p>[\/et_pb_cta][\/et_pb_column][et_pb_column type=\u00bb1_3&#8243; _builder_version=\u00bb3.0.47&#8243; parallax=\u00bboff\u00bb parallax_method=\u00bbon\u00bb][et_pb_image src=\u00bbhttp:\/\/happylearningschool.net\/wp-content\/uploads\/2018\/06\/ballerina.png\u00bb _builder_version=\u00bb3.6&#8243; custom_margin=\u00bb|||\u00bb locked=\u00bboff\u00bb][\/et_pb_image][et_pb_cta title=\u00bbBALLET CL\u00c1SICO\u00bb button_url=\u00bb#\u00bb admin_label=\u00bbService\u00bb _builder_version=\u00bb3.6&#8243; header_font=\u00bbPoppins|600|||||||\u00bb header_text_color=\u00bb#2a2a2a\u00bb header_font_size=\u00bb18px\u00bb header_line_height=\u00bb1.4em\u00bb body_font=\u00bbPoppins||||||||\u00bb body_text_color=\u00bb#666666&#8243; body_line_height=\u00bb1.8em\u00bb use_background_color=\u00bboff\u00bb custom_button=\u00bbon\u00bb button_text_size=\u00bb14px\u00bb button_text_color=\u00bb#8b20bb\u00bb button_bg_color=\u00bbrgba(0,0,0,0)\u00bb button_border_width=\u00bb0px\u00bb button_letter_spacing=\u00bb2px\u00bb button_font=\u00bbPoppins|600||on|||||\u00bb button_icon=\u00bb%%3%%\u00bb button_alignment=\u00bbleft\u00bb text_orientation=\u00bbleft\u00bb custom_margin=\u00bb|||\u00bb custom_padding=\u00bb|||\u00bb animation_style=\u00bbfade\u00bb locked=\u00bboff\u00bb]<\/p>\n<p style=\"text-align: justify;\">Con presentaciones en eventos.<\/p>\n<p><span style=\"font-size: x-small;\">El traje se hace a la medida, pago por adelantado.<\/span><\/p>\n<p>[\/et_pb_cta][\/et_pb_column][\/et_pb_row][et_pb_row _builder_version=\u00bb3.0.92&#8243;][et_pb_column type=\u00bb1_3&#8243; _builder_version=\u00bb3.0.47&#8243; parallax=\u00bboff\u00bb parallax_method=\u00bbon\u00bb][et_pb_image src=\u00bbhttp:\/\/happylearningschool.net\/wp-content\/uploads\/2018\/06\/reading.png\u00bb _builder_version=\u00bb3.6&#8243; custom_margin=\u00bb|||\u00bb locked=\u00bboff\u00bb][\/et_pb_image][et_pb_cta title=\u00bbSemi-internado\u00bb button_url=\u00bb#\u00bb admin_label=\u00bbService\u00bb _builder_version=\u00bb3.6&#8243; header_font=\u00bbPoppins|600|||||||\u00bb header_text_color=\u00bb#2a2a2a\u00bb header_font_size=\u00bb18px\u00bb header_line_height=\u00bb1.4em\u00bb body_font=\u00bbPoppins||||||||\u00bb body_text_color=\u00bb#666666&#8243; body_line_height=\u00bb1.8em\u00bb use_background_color=\u00bboff\u00bb custom_button=\u00bbon\u00bb button_text_size=\u00bb14px\u00bb button_text_color=\u00bb#8b20bb\u00bb button_bg_color=\u00bbrgba(0,0,0,0)\u00bb button_border_width=\u00bb0px\u00bb button_letter_spacing=\u00bb2px\u00bb button_font=\u00bbPoppins|600||on|||||\u00bb button_icon=\u00bb%%3%%\u00bb button_alignment=\u00bbleft\u00bb text_orientation=\u00bbleft\u00bb custom_margin=\u00bb|||\u00bb custom_padding=\u00bb|||\u00bb animation_style=\u00bbfade\u00bb]<\/p>\n<p style=\"text-align: justify;\">Incluye: Merienda de la tarde, almuerzo y sala de tarea.<\/p>\n<p>[\/et_pb_cta][\/et_pb_column][et_pb_column type=\u00bb1_3&#8243; _builder_version=\u00bb3.0.47&#8243; parallax=\u00bboff\u00bb parallax_method=\u00bbon\u00bb][et_pb_image src=\u00bbhttp:\/\/happylearningschool.net\/wp-content\/uploads\/2018\/06\/library.png\u00bb _builder_version=\u00bb3.6&#8243; custom_margin=\u00bb|||\u00bb locked=\u00bboff\u00bb][\/et_pb_image][et_pb_cta title=\u00bbVentas Libros\u00bb button_url=\u00bb#\u00bb admin_label=\u00bbService\u00bb _builder_version=\u00bb3.6&#8243; header_font=\u00bbPoppins|600|||||||\u00bb header_text_color=\u00bb#2a2a2a\u00bb header_font_size=\u00bb18px\u00bb header_line_height=\u00bb1.4em\u00bb body_font=\u00bbPoppins||||||||\u00bb body_text_color=\u00bb#666666&#8243; body_line_height=\u00bb1.8em\u00bb use_background_color=\u00bboff\u00bb custom_button=\u00bbon\u00bb button_text_size=\u00bb14px\u00bb button_text_color=\u00bb#8b20bb\u00bb button_bg_color=\u00bbrgba(0,0,0,0)\u00bb button_border_width=\u00bb0px\u00bb button_letter_spacing=\u00bb2px\u00bb button_font=\u00bbPoppins|600||on|||||\u00bb button_icon=\u00bb%%3%%\u00bb button_alignment=\u00bbleft\u00bb text_orientation=\u00bbleft\u00bb custom_margin=\u00bb|||\u00bb custom_padding=\u00bb|||\u00bb animation_style=\u00bbfade\u00bb locked=\u00bboff\u00bb]<\/p>\n<p style=\"text-align: justify;\">Ventas Libros. Todos los libros est\u00e1n a la venta ofrecemos los libros con un 5% de descuento en efectivo.<\/p>\n<p>[\/et_pb_cta][\/et_pb_column][et_pb_column type=\u00bb1_3&#8243; _builder_version=\u00bb3.0.47&#8243; parallax=\u00bboff\u00bb parallax_method=\u00bbon\u00bb][et_pb_image src=\u00bbhttp:\/\/happylearningschool.net\/wp-content\/uploads\/2018\/06\/check.png\u00bb _builder_version=\u00bb3.6&#8243; custom_margin=\u00bb|||\u00bb locked=\u00bboff\u00bb][\/et_pb_image][et_pb_cta title=\u00bbPago de uso de libros\u00bb button_url=\u00bb#\u00bb admin_label=\u00bbService\u00bb _builder_version=\u00bb3.6&#8243; header_font=\u00bbPoppins|600|||||||\u00bb header_text_color=\u00bb#2a2a2a\u00bb header_font_size=\u00bb18px\u00bb header_line_height=\u00bb1.4em\u00bb body_font=\u00bbPoppins||||||||\u00bb body_text_color=\u00bb#666666&#8243; body_line_height=\u00bb1.8em\u00bb use_background_color=\u00bboff\u00bb custom_button=\u00bbon\u00bb button_text_size=\u00bb14px\u00bb button_text_color=\u00bb#8b20bb\u00bb button_bg_color=\u00bbrgba(0,0,0,0)\u00bb button_border_width=\u00bb0px\u00bb button_letter_spacing=\u00bb2px\u00bb button_font=\u00bbPoppins|600||on|||||\u00bb button_icon=\u00bb%%3%%\u00bb button_alignment=\u00bbleft\u00bb text_orientation=\u00bbleft\u00bb custom_margin=\u00bb|||\u00bb custom_padding=\u00bb|||\u00bb animation_style=\u00bbfade\u00bb locked=\u00bboff\u00bb]<\/p>\n<p style=\"text-align: justify;\">Los estudiantes de 1ero a 3er Grado tienen la opci\u00f3n de pagar uso de libros en el colegio al momento de la inscripci\u00f3n con un costo mucho m\u00e1s econ\u00f3mico y no tienen que cargarlos en las mochilas diariamente.<\/p>\n<p>[\/et_pb_cta][\/et_pb_column][\/et_pb_row][et_pb_row _builder_version=\u00bb3.0.92&#8243;][et_pb_column type=\u00bb1_3&#8243; _builder_version=\u00bb3.0.47&#8243; parallax=\u00bboff\u00bb parallax_method=\u00bbon\u00bb][et_pb_image src=\u00bbhttp:\/\/happylearningschool.net\/wp-content\/uploads\/2018\/06\/bookshelf.png\u00bb _builder_version=\u00bb3.6&#8243; custom_margin=\u00bb|||\u00bb locked=\u00bboff\u00bb][\/et_pb_image][et_pb_cta title=\u00bbPago de Materiales\u00bb button_url=\u00bb#\u00bb admin_label=\u00bbService\u00bb _builder_version=\u00bb3.6&#8243; header_font=\u00bbPoppins|600|||||||\u00bb header_text_color=\u00bb#2a2a2a\u00bb header_font_size=\u00bb18px\u00bb header_line_height=\u00bb1.4em\u00bb body_font=\u00bbPoppins||||||||\u00bb body_text_color=\u00bb#666666&#8243; body_line_height=\u00bb1.8em\u00bb use_background_color=\u00bboff\u00bb custom_button=\u00bbon\u00bb button_text_size=\u00bb14px\u00bb button_text_color=\u00bb#8b20bb\u00bb button_bg_color=\u00bbrgba(0,0,0,0)\u00bb button_border_width=\u00bb0px\u00bb button_letter_spacing=\u00bb2px\u00bb button_font=\u00bbPoppins|600||on|||||\u00bb button_icon=\u00bb%%3%%\u00bb button_alignment=\u00bbleft\u00bb text_orientation=\u00bbleft\u00bb custom_margin=\u00bb|||\u00bb custom_padding=\u00bb|||\u00bb animation_style=\u00bbfade\u00bb]<\/p>\n<p style=\"text-align: justify;\">Es obligatorio, son para uso exclusivo del colegio durante el a\u00f1o escolar. Se pagan junto con la inscripci\u00f3n. (No incluye cuadernos, ni libros)<\/p>\n<p>[\/et_pb_cta][\/et_pb_column][et_pb_column type=\u00bb1_3&#8243; _builder_version=\u00bb3.0.47&#8243; parallax=\u00bboff\u00bb parallax_method=\u00bbon\u00bb][et_pb_image src=\u00bbhttp:\/\/happylearningschool.net\/wp-content\/uploads\/2018\/06\/shirt.png\u00bb _builder_version=\u00bb3.6&#8243; custom_margin=\u00bb|||\u00bb locked=\u00bboff\u00bb][\/et_pb_image][et_pb_cta title=\u00bbUniformes &#8211; Ni\u00f1os\u00bb button_url=\u00bb#\u00bb admin_label=\u00bbService\u00bb _builder_version=\u00bb3.6&#8243; header_font=\u00bbPoppins|600|||||||\u00bb header_text_color=\u00bb#2a2a2a\u00bb header_font_size=\u00bb18px\u00bb header_line_height=\u00bb1.4em\u00bb body_font=\u00bbPoppins||||||||\u00bb body_text_color=\u00bb#666666&#8243; body_line_height=\u00bb1.8em\u00bb use_background_color=\u00bboff\u00bb custom_button=\u00bbon\u00bb button_text_size=\u00bb14px\u00bb button_text_color=\u00bb#8b20bb\u00bb button_bg_color=\u00bbrgba(0,0,0,0)\u00bb button_border_width=\u00bb0px\u00bb button_letter_spacing=\u00bb2px\u00bb button_font=\u00bbPoppins|600||on|||||\u00bb button_icon=\u00bb%%3%%\u00bb button_alignment=\u00bbleft\u00bb text_orientation=\u00bbleft\u00bb custom_margin=\u00bb|||\u00bb custom_padding=\u00bb|||\u00bb animation_style=\u00bbfade\u00bb locked=\u00bboff\u00bb]<\/p>\n<p style=\"text-align: justify;\">T-shirt blanco o rojo y pantal\u00f3n azul marino (tradicionales).<\/p>\n<p>[\/et_pb_cta][\/et_pb_column][et_pb_column type=\u00bb1_3&#8243; _builder_version=\u00bb3.0.47&#8243; parallax=\u00bboff\u00bb parallax_method=\u00bbon\u00bb][et_pb_image src=\u00bbhttp:\/\/happylearningschool.net\/wp-content\/uploads\/2018\/06\/dress.png\u00bb _builder_version=\u00bb3.6&#8243; custom_margin=\u00bb|||\u00bb][\/et_pb_image][et_pb_cta title=\u00bbUniformes &#8211; Ni\u00f1as\u00bb button_url=\u00bb#\u00bb admin_label=\u00bbService\u00bb _builder_version=\u00bb3.6&#8243; header_font=\u00bbPoppins|600|||||||\u00bb header_text_color=\u00bb#2a2a2a\u00bb header_font_size=\u00bb18px\u00bb header_line_height=\u00bb1.4em\u00bb body_font=\u00bbPoppins||||||||\u00bb body_text_color=\u00bb#666666&#8243; body_line_height=\u00bb1.8em\u00bb use_background_color=\u00bboff\u00bb custom_button=\u00bbon\u00bb button_text_size=\u00bb14px\u00bb button_text_color=\u00bb#8b20bb\u00bb button_bg_color=\u00bbrgba(0,0,0,0)\u00bb button_border_width=\u00bb0px\u00bb button_letter_spacing=\u00bb2px\u00bb button_font=\u00bbPoppins|600||on|||||\u00bb button_icon=\u00bb%%3%%\u00bb button_alignment=\u00bbleft\u00bb text_orientation=\u00bbleft\u00bb custom_margin=\u00bb|||\u00bb custom_padding=\u00bb|||\u00bb animation_style=\u00bbfade\u00bb]<\/p>\n<p style=\"text-align: justify;\">T-shirt blanco o rojo con yompa, falta o pantal\u00f3n azul marino.<br \/> Los zapatos escolares deben ser negros y cerrados.<br \/> El tenis negro o blanco.<br \/> El t-shirt de deporte con logo del colegio.<br \/> Pantal\u00f3n de deporte azul. Las medias de color blanco liso sin adornos. Los estudiante de b\u00e1sica deben llevar un termo con agua (obligatorio).<\/p>\n<p>[\/et_pb_cta][\/et_pb_column][\/et_pb_row][\/et_pb_section][et_pb_section fb_built=\u00bb1&#8243; admin_label=\u00bbHero Section\u00bb _builder_version=\u00bb3.0.92&#8243; background_color_gradient_direction=\u00bb100deg\u00bb background_image=\u00bbhttp:\/\/happylearningschool.net\/wp-content\/uploads\/2018\/06\/section-bg-hero3.png\u00bb custom_padding=\u00bb8%||8%|\u00bb locked=\u00bboff\u00bb][et_pb_row admin_label=\u00bbHero Area\u00bb _builder_version=\u00bb3.0.95&#8243; background_size=\u00bbinitial\u00bb background_position=\u00bbtop_left\u00bb background_repeat=\u00bbrepeat\u00bb][et_pb_column type=\u00bb4_4&#8243; _builder_version=\u00bb3.0.47&#8243; parallax=\u00bboff\u00bb parallax_method=\u00bbon\u00bb][et_pb_cta title=\u00bbRequisitos de Admisi\u00f3n \u00bb button_url=\u00bbhttp:\/\/happylearningschool.net\/requisitos-de-admision\/\u00bb button_text=\u00bbVer requisitos\u00bb admin_label=\u00bbHero Text\u00bb _builder_version=\u00bb3.6&#8243; header_level=\u00bbh1&#8243; header_font=\u00bbPoppins|600|||||||\u00bb header_font_size=\u00bb48px\u00bb header_line_height=\u00bb1.4em\u00bb body_font=\u00bbPoppins||||||||\u00bb body_font_size=\u00bb18px\u00bb body_line_height=\u00bb1.8em\u00bb use_background_color=\u00bboff\u00bb custom_button=\u00bbon\u00bb button_text_size=\u00bb14px\u00bb button_text_color=\u00bb#ffffff\u00bb button_bg_color=\u00bb#000dff\u00bb button_border_width=\u00bb12px\u00bb button_border_color=\u00bb#000dff\u00bb button_letter_spacing=\u00bb2px\u00bb button_font=\u00bbPoppins|600||on|||||\u00bb button_icon=\u00bb%%3%%\u00bb background_layout=\u00bblight\u00bb max_width=\u00bb700px\u00bb module_alignment=\u00bbcenter\u00bb animation_style=\u00bbfade\u00bb]<\/p>\n<p style=\"text-align: center;\">Los alumnos de nuevo ingreso deben ser evaluados, para su inscripci\u00f3n en el centro por citas. (las evaluaciones solo se aplican desde los 4 a\u00f1os).<\/p>\n<p>[\/et_pb_cta][\/et_pb_column][\/et_pb_row][\/et_pb_section]<\/p>\n","protected":false},"excerpt":{"rendered":"<p>[et_pb_section fb_built=\u00bb1&#8243; admin_label=\u00bbPage Title Section\u00bb _builder_version=\u00bb3.0.92&#8243; use_background_color_gradient=\u00bbon\u00bb background_color_gradient_start=\u00bb#6b73ff\u00bb background_color_gradient_end=\u00bb#000dff\u00bb background_color_gradient_direction=\u00bb100deg\u00bb background_image=\u00bbhttp:\/\/happylearningschool.net\/wp-content\/uploads\/2018\/06\/section-bg-heptagon-right2.png\u00bb custom_padding=\u00bb100px||100px|\u00bb][et_pb_row admin_label=\u00bbPage Title Area\u00bb _builder_version=\u00bb3.0.92&#8243; background_size=\u00bbinitial\u00bb background_position=\u00bbtop_left\u00bb background_repeat=\u00bbrepeat\u00bb][et_pb_column type=\u00bb4_4&#8243; _builder_version=\u00bb3.0.47&#8243; parallax=\u00bboff\u00bb parallax_method=\u00bbon\u00bb][et_pb_text admin_label=\u00bbTitle\u00bb _builder_version=\u00bb3.6&#8243; text_font=\u00bbPoppins||||||||\u00bb text_font_size=\u00bb18px\u00bb text_line_height=\u00bb1.8em\u00bb header_font=\u00bbPoppins|600|||||||\u00bb header_font_size=\u00bb48px\u00bb header_line_height=\u00bb1.4em\u00bb text_orientation=\u00bbcenter\u00bb background_layout=\u00bbdark\u00bb max_width=\u00bb700px\u00bb module_alignment=\u00bbcenter\u00bb custom_margin=\u00bb|||\u00bb animation_style=\u00bbfade\u00bb] QUE OFRECEMOS Que puede obtener en nuestro centro educativo [\/et_pb_text][\/et_pb_column][\/et_pb_row][\/et_pb_section][et_pb_section fb_built=\u00bb1&#8243; admin_label=\u00bbService Section\u00bb _builder_version=\u00bb3.0.95&#8243; background_image=\u00bbhttp:\/\/happylearningschool.net\/wp-content\/uploads\/2018\/06\/section-bg-wave-left3.png\u00bb custom_padding=\u00bb90px||90px|0px\u00bb][et_pb_row admin_label=\u00bbServices Area\u00bb [&hellip;]<\/p>\n","protected":false},"author":3,"featured_media":0,"parent":0,"menu_order":0,"comment_status":"closed","ping_status":"closed","template":"","meta":{"footnotes":""},"class_list":["post-206919","page","type-page","status-publish","hentry"],"_links":{"self":[{"href":"http:\/\/happylearningschool.net\/index.php?rest_route=\/wp\/v2\/pages\/206919"}],"collection":[{"href":"http:\/\/happylearningschool.net\/index.php?rest_route=\/wp\/v2\/pages"}],"about":[{"href":"http:\/\/happylearningschool.net\/index.php?rest_route=\/wp\/v2\/types\/page"}],"author":[{"embeddable":true,"href":"http:\/\/happylearningschool.net\/index.php?rest_route=\/wp\/v2\/users\/3"}],"replies":[{"embeddable":true,"href":"http:\/\/happylearningschool.net\/index.php?rest_route=%2Fwp%2Fv2%2Fcomments&post=206919"}],"version-history":[{"count":18,"href":"http:\/\/happylearningschool.net\/index.php?rest_route=\/wp\/v2\/pages\/206919\/revisions"}],"predecessor-version":[{"id":207580,"href":"http:\/\/happylearningschool.net\/index.php?rest_route=\/wp\/v2\/pages\/206919\/revisions\/207580"}],"wp:attachment":[{"href":"http:\/\/happylearningschool.net\/index.php?rest_route=%2Fwp%2Fv2%2Fmedia&parent=206919"}],"curies":[{"name":"wp","href":"https:\/\/api.w.org\/{rel}","templated":true}]}}