{"id":206891,"date":"2018-06-08T11:37:12","date_gmt":"2018-06-08T15:37:12","guid":{"rendered":"http:\/\/happylearningschool.net\/?page_id=206891"},"modified":"2025-06-14T10:33:47","modified_gmt":"2025-06-14T14:33:47","slug":"quienes-somos","status":"publish","type":"page","link":"http:\/\/happylearningschool.net\/?page_id=206891","title":{"rendered":"Quienes Somos"},"content":{"rendered":"<p>[et_pb_section bb_built=\u00bb1&#8243; admin_label=\u00bbPage Title Section\u00bb _builder_version=\u00bb3.6&#8243; use_background_color_gradient=\u00bbon\u00bb background_color_gradient_start=\u00bb#6b73ff\u00bb background_color_gradient_end=\u00bb#dddddd\u00bb background_color_gradient_direction=\u00bb100deg\u00bb background_image=\u00bbhttp:\/\/happylearningschool.net\/wp-content\/uploads\/2018\/06\/section-bg.png\u00bb custom_padding=\u00bb100px||100px|\u00bb next_background_color=\u00bb#ffffff\u00bb][et_pb_row admin_label=\u00bbPage Title Area\u00bb _builder_version=\u00bb3.0.92&#8243;][et_pb_column type=\u00bb4_4&#8243;][et_pb_text admin_label=\u00bbTitle\u00bb background_layout=\u00bbdark\u00bb _builder_version=\u00bb3.6&#8243; text_font=\u00bbPoppins||||||||\u00bb text_font_size=\u00bb18px\u00bb text_line_height=\u00bb1.8em\u00bb header_font=\u00bbPoppins|600|||||||\u00bb header_font_size=\u00bb48px\u00bb header_line_height=\u00bb1.4em\u00bb text_orientation=\u00bbcenter\u00bb max_width=\u00bb700px\u00bb module_alignment=\u00bbcenter\u00bb custom_margin=\u00bb|||\u00bb animation_style=\u00bbfade\u00bb]<\/p>\n<h1>\u00bfQUI\u00c9NES SOMOS?<\/h1>\n<p>Somos un centro educativo comprometido con la formaci\u00f3n en valores, garantizando que los ni\u00f1os trabajen en libertad e independencia, para el desarrollo de sus potencialidades, actitud cr\u00edtica y esp\u00edritu alegre.<\/p>\n<p>[\/et_pb_text][\/et_pb_column][\/et_pb_row][\/et_pb_section][et_pb_section bb_built=\u00bb1&#8243; admin_label=\u00bbAbout Us Section\u00bb _builder_version=\u00bb3.0.92&#8243; background_size=\u00bbinitial\u00bb background_position=\u00bbbottom_left\u00bb custom_padding=\u00bb90px||90px|\u00bb prev_background_color=\u00bb#000000&#8243; next_background_color=\u00bb#f7f7f7&#8243;][et_pb_row admin_label=\u00bbTitle Area\u00bb _builder_version=\u00bb3.0.92&#8243;][et_pb_column type=\u00bb4_4&#8243;][et_pb_text admin_label=\u00bbTitle\u00bb _builder_version=\u00bb3.6&#8243; text_font=\u00bbPoppins||||||||\u00bb text_font_size=\u00bb16px\u00bb text_line_height=\u00bb1.8em\u00bb header_2_font=\u00bbPoppins|600|||||||\u00bb header_2_text_align=\u00bbcenter\u00bb header_2_font_size=\u00bb36px\u00bb header_2_line_height=\u00bb1.4em\u00bb text_orientation=\u00bbcenter\u00bb max_width=\u00bb550px\u00bb module_alignment=\u00bbcenter\u00bb custom_margin=\u00bb||10px|\u00bb animation_style=\u00bbslide\u00bb animation_direction=\u00bbtop\u00bb animation_intensity_slide=\u00bb10%\u00bb animation_starting_opacity=\u00bb100%\u00bb]<\/p>\n<h2>Acerca del colegio happy learning school<\/h2>\n<p>[\/et_pb_text][\/et_pb_column][\/et_pb_row][et_pb_row admin_label=\u00bbAbout Us Area\u00bb _builder_version=\u00bb3.0.92&#8243;][et_pb_column type=\u00bb1_2&#8243;][et_pb_text _builder_version=\u00bb3.6&#8243; text_font=\u00bbPoppins||||||||\u00bb text_font_size=\u00bb16px\u00bb text_line_height=\u00bb1.8em\u00bb]<\/p>\n<p>Somos un centro educativo comprometido con la formaci\u00f3n en valores, garantizando que los ni\u00f1os trabajen en libertad e independencia, para el desarrollo de sus potencialidades, actitud cr\u00edtica y esp\u00edritu alegre.<\/p>\n<p>Nuestro programa de estudio esta basado en la propia direcci\u00f3n del alumno, implementando actividades que ayuden al ni\u00f1o al desarrollo de su autoestima y confianza para enfrentar retos y cambios con optimismo.<\/p>\n<p>[\/et_pb_text][\/et_pb_column][et_pb_column type=\u00bb1_2&#8243;][et_pb_text _builder_version=\u00bb3.6&#8243; text_font=\u00bbPoppins||||||||\u00bb text_font_size=\u00bb16px\u00bb text_line_height=\u00bb1.8em\u00bb]<\/p>\n<p><strong>Guiamos al ni\u00f1o para que logre:<\/strong><\/p>\n<ul>\n<li>Reconocer la importancia del idioma ingles<\/li>\n<li>Desarrolle habito del pensamiento l\u00f3gico-cient\u00edfico<\/li>\n<li>Respectar y valorar el ambiente y los materiales<\/li>\n<li>Utilizar la tecnolog\u00eda apropiadamente reconociendo su importancia<\/li>\n<li>Desarrollarse espiritualmente para que pueda valorar el medio ambiente y sea capaz de aportar nuevas ideas.<\/li>\n<li>Desarrollo de inteligencias m\u00faltiples<\/li>\n<li>Normalizar la conducta<\/li>\n<li>Reconocer que es una persona \u00fanica e irrepetible.<\/li>\n<\/ul>\n<p>[\/et_pb_text][\/et_pb_column][\/et_pb_row][\/et_pb_section][et_pb_section bb_built=\u00bb1&#8243; admin_label=\u00bbFeature Section\u00bb background_color=\u00bb#f7f7f7&#8243; _builder_version=\u00bb3.0.92&#8243; background_color_gradient_direction=\u00bb90deg\u00bb background_image=\u00bbhttp:\/\/happylearningschool.net\/wp-content\/uploads\/2018\/06\/section-bg-circle-left3.png\u00bb background_position=\u00bbbottom_center\u00bb custom_padding=\u00bb89px||90px|\u00bb prev_background_color=\u00bb#ffffff\u00bb next_background_color=\u00bb#ffffff\u00bb][et_pb_row admin_label=\u00bbFeature Area\u00bb padding_top_2=\u00bb50px\u00bb padding_bottom_2=\u00bb50px\u00bb _builder_version=\u00bb3.0.92&#8243;][et_pb_column type=\u00bb1_2&#8243;][et_pb_image src=\u00bbhttp:\/\/happylearningschool.net\/wp-content\/uploads\/2018\/06\/child-865116_640.jpg\u00bb align=\u00bbcenter\u00bb _builder_version=\u00bb3.6&#8243; \/][\/et_pb_column][et_pb_column type=\u00bb1_2&#8243;][et_pb_text admin_label=\u00bbTitle\u00bb _builder_version=\u00bb3.6&#8243; text_font=\u00bbPoppins||||||||\u00bb text_font_size=\u00bb16px\u00bb text_line_height=\u00bb1.8em\u00bb header_2_font=\u00bbPoppins|600|||||||\u00bb header_2_text_align=\u00bbleft\u00bb header_2_font_size=\u00bb30px\u00bb header_2_line_height=\u00bb1.4em\u00bb max_width=\u00bb550px\u00bb module_alignment=\u00bbcenter\u00bb custom_margin=\u00bb||10px|\u00bb animation_style=\u00bbslide\u00bb animation_direction=\u00bbtop\u00bb animation_intensity_slide=\u00bb10%\u00bb animation_starting_opacity=\u00bb100%\u00bb]<\/p>\n<h2>SOBRE LA EDUCACION CRISTIANA<\/h2>\n<p>Respetamos la liberta de culto de cada familia, realizamos lectura de la biblia y a Jesucristo como nuestro salvador. Realizamos devocionales con canciones cristianas y oraciones.<\/p>\n<p>[\/et_pb_text][\/et_pb_column][\/et_pb_row][et_pb_row admin_label=\u00bbFeature Area\u00bb custom_margin=\u00bb70px|||\u00bb padding_top_1=\u00bb50px\u00bb padding_bottom_1=\u00bb50px\u00bb _builder_version=\u00bb3.0.92&#8243;][et_pb_column type=\u00bb1_2&#8243;][et_pb_text admin_label=\u00bbTitle\u00bb _builder_version=\u00bb3.6&#8243; text_font=\u00bbPoppins||||||||\u00bb text_font_size=\u00bb16px\u00bb text_line_height=\u00bb1.8em\u00bb header_2_font=\u00bbPoppins|600|||||||\u00bb header_2_text_align=\u00bbleft\u00bb header_2_font_size=\u00bb30px\u00bb header_2_line_height=\u00bb1.4em\u00bb max_width=\u00bb550px\u00bb module_alignment=\u00bbcenter\u00bb custom_margin=\u00bb||10px|\u00bb animation_style=\u00bbslide\u00bb animation_direction=\u00bbtop\u00bb animation_intensity_slide=\u00bb10%\u00bb animation_starting_opacity=\u00bb100%\u00bb]<\/p>\n<h2>Creemos en la educaci\u00f3n inclusiva.<\/h2>\n<p>Para Mar\u00eda Montessori, creadora del m\u00e9todo, un ni\u00f1o normalizado debe poseer ciertas caracter\u00edsticas de su personalidad, donde puede asumir retos de responsabilidad y trabajo organizado. Hay muchos tipos de personalidad; sin embargo cuando los ni\u00f1os entran en el proceso de normalizaci\u00f3n hay ciertas caracter\u00edsticas que aparecen en todos ellos, y funcionan como se\u00f1al de dicho proceso<\/p>\n<p>[\/et_pb_text][\/et_pb_column][et_pb_column type=\u00bb1_2&#8243;][et_pb_image src=\u00bbhttp:\/\/happylearningschool.net\/wp-content\/uploads\/2018\/06\/educacion-inclusiva.png\u00bb align=\u00bbcenter\u00bb _builder_version=\u00bb3.6&#8243; \/][\/et_pb_column][\/et_pb_row][\/et_pb_section][et_pb_section bb_built=\u00bb1&#8243; admin_label=\u00bbService Section\u00bb _builder_version=\u00bb3.0.95&#8243; background_image=\u00bbhttp:\/\/happylearningschool.net\/wp-content\/uploads\/2018\/06\/section-bg-triangle-right2.png\u00bb background_position=\u00bbtop_center\u00bb custom_padding=\u00bb90px||90px|0px\u00bb prev_background_color=\u00bb#f7f7f7&#8243; next_background_color=\u00bb#ffffff\u00bb][et_pb_row admin_label=\u00bbServices Area\u00bb _builder_version=\u00bb3.0.92&#8243;][et_pb_column type=\u00bb1_3&#8243;][et_pb_cta admin_label=\u00bbService\u00bb title=\u00bbMisi\u00f3n \u00bb button_url=\u00bb#\u00bb use_background_color=\u00bboff\u00bb _builder_version=\u00bb3.6&#8243; header_font=\u00bbPoppins|600|||||||\u00bb header_font_size=\u00bb18px\u00bb header_text_color=\u00bb#2a2a2a\u00bb header_line_height=\u00bb1.4em\u00bb body_font=\u00bbPoppins||||||||\u00bb body_text_color=\u00bb#666666&#8243; body_line_height=\u00bb1.8em\u00bb text_orientation=\u00bbleft\u00bb custom_margin=\u00bb|||\u00bb custom_padding=\u00bb|||\u00bb custom_button=\u00bbon\u00bb button_text_size=\u00bb14px\u00bb button_text_color=\u00bb#8b20bb\u00bb button_bg_color=\u00bbrgba(0,0,0,0)\u00bb button_border_width=\u00bb0px\u00bb button_letter_spacing=\u00bb2px\u00bb button_font=\u00bbPoppins|600||on|||||\u00bb button_icon=\u00bb%%3%%\u00bb button_alignment=\u00bbleft\u00bb animation_style=\u00bbfade\u00bb]<\/p>\n<p>Brindar una formaci\u00f3n integral de calidad, promoviendo: el conocimiento de nuestro se\u00f1or Jesucristo, EL AMOR A DIOS, LA ALEGR\u00cdA, CORTES\u00cdA, RESPETO, SOLIDARIDAD Y JUSTICIA a favor del desarrollo afectivo-social e intelectual de los\/as estudiantes, basado en principios b\u00edblicos y en la Educaci\u00f3n Dominicana.<\/p>\n<p>[\/et_pb_cta][\/et_pb_column][et_pb_column type=\u00bb1_3&#8243;][et_pb_cta admin_label=\u00bbService\u00bb title=\u00bbVisi\u00f3n\u00bb button_url=\u00bb#\u00bb use_background_color=\u00bboff\u00bb _builder_version=\u00bb3.6&#8243; header_font=\u00bbPoppins|600|||||||\u00bb header_font_size=\u00bb18px\u00bb header_text_color=\u00bb#2a2a2a\u00bb header_line_height=\u00bb1.4em\u00bb body_font=\u00bbPoppins||||||||\u00bb body_text_color=\u00bb#666666&#8243; body_line_height=\u00bb1.8em\u00bb text_orientation=\u00bbleft\u00bb custom_margin=\u00bb|||\u00bb custom_padding=\u00bb|||\u00bb custom_button=\u00bbon\u00bb button_text_size=\u00bb14px\u00bb button_text_color=\u00bb#8b20bb\u00bb button_bg_color=\u00bbrgba(0,0,0,0)\u00bb button_border_width=\u00bb0px\u00bb button_letter_spacing=\u00bb2px\u00bb button_font=\u00bbPoppins|600||on|||||\u00bb button_icon=\u00bb%%3%%\u00bb button_alignment=\u00bbleft\u00bb animation_style=\u00bbfade\u00bb locked=\u00bboff\u00bb]<\/p>\n<p>Ser un centro educativo basado en la formaci\u00f3n integral humano-cristiana, con estudiantes que manifiesten comportamientos en valores cristianos, actitud cr\u00edtica, esp\u00edritu alegre, solidarios, responsables, que amen al pr\u00f3jimo y a su pa\u00eds, siendo personas autenticas.<\/p>\n<p>[\/et_pb_cta][\/et_pb_column][et_pb_column type=\u00bb1_3&#8243;][et_pb_cta admin_label=\u00bbService\u00bb title=\u00bbValores\u00bb button_url=\u00bb#\u00bb use_background_color=\u00bboff\u00bb _builder_version=\u00bb3.6&#8243; header_font=\u00bbPoppins|600|||||||\u00bb header_font_size=\u00bb18px\u00bb header_text_color=\u00bb#2a2a2a\u00bb header_line_height=\u00bb1.4em\u00bb body_font=\u00bbPoppins||||||||\u00bb body_text_color=\u00bb#666666&#8243; body_line_height=\u00bb1.8em\u00bb text_orientation=\u00bbleft\u00bb custom_margin=\u00bb|||\u00bb custom_padding=\u00bb|||\u00bb custom_button=\u00bbon\u00bb button_text_size=\u00bb14px\u00bb button_text_color=\u00bb#8b20bb\u00bb button_bg_color=\u00bbrgba(0,0,0,0)\u00bb button_border_width=\u00bb0px\u00bb button_letter_spacing=\u00bb2px\u00bb button_font=\u00bbPoppins|600||on|||||\u00bb button_icon=\u00bb%%3%%\u00bb button_alignment=\u00bbleft\u00bb animation_style=\u00bbfade\u00bb locked=\u00bboff\u00bb]<\/p>\n<p>Amor a Dios<br \/>\nAlegr\u00eda<br \/>\nCortes\u00eda<br \/>\nJusticia<br \/>\nEsperanza<br \/>\nInnovaci\u00f3n y creatividad<br \/>\nPaciencia<br \/>\nPerseverancia<br \/>\nRespecto<br \/>\nSolidaridad<br \/>\nTrabajo en equipo.<\/p>\n<p>[\/et_pb_cta][\/et_pb_column][\/et_pb_row][\/et_pb_section][et_pb_section bb_built=\u00bb1&#8243; admin_label=\u00bbHero Section\u00bb _builder_version=\u00bb3.6&#8243; use_background_color_gradient=\u00bbon\u00bb background_color_gradient_start=\u00bb#6b73ff\u00bb background_color_gradient_end=\u00bb#000dff\u00bb background_color_gradient_direction=\u00bb100deg\u00bb background_image=\u00bbhttp:\/\/happylearningschool.net\/wp-content\/uploads\/2018\/06\/elementary-scholl-01.jpg\u00bb custom_padding=\u00bb8%||8%|\u00bb locked=\u00bboff\u00bb prev_background_color=\u00bb#ffffff\u00bb][et_pb_row admin_label=\u00bbHero Area\u00bb _builder_version=\u00bb3.0.95&#8243; background_size=\u00bbinitial\u00bb background_position=\u00bbtop_left\u00bb background_repeat=\u00bbrepeat\u00bb][et_pb_column type=\u00bb4_4&#8243;][et_pb_cta admin_label=\u00bbHero Text\u00bb title=\u00bbCon alegr\u00eda guiamos el aprendizaje del futuro\u00bb button_url=\u00bb#\u00bb button_text=\u00bbEmpezar\u00bb use_background_color=\u00bboff\u00bb _builder_version=\u00bb3.6&#8243; header_level=\u00bbh1&#8243; header_font=\u00bbPoppins|600|||||||\u00bb header_font_size=\u00bb48px\u00bb header_line_height=\u00bb1.4em\u00bb body_font=\u00bbPoppins||||||||\u00bb body_font_size=\u00bb18px\u00bb body_line_height=\u00bb1.8em\u00bb max_width=\u00bb700px\u00bb module_alignment=\u00bbcenter\u00bb custom_button=\u00bbon\u00bb button_text_size=\u00bb14px\u00bb button_text_color=\u00bb#2a2a2a\u00bb button_bg_color=\u00bb#ffffff\u00bb button_border_width=\u00bb12px\u00bb button_border_color=\u00bb#ffffff\u00bb button_letter_spacing=\u00bb2px\u00bb button_font=\u00bbPoppins|600||on|||||\u00bb button_icon=\u00bb%%3%%\u00bb animation_style=\u00bbfade\u00bb]<\/p>\n<p>Gracias, por seleccionarnos para ser parte de la educaci\u00f3n de su tesoro m\u00e1s apreciados (su\/s hij@).<\/p>\n<p>[\/et_pb_cta][\/et_pb_column][\/et_pb_row][\/et_pb_section]<\/p>\n","protected":false},"excerpt":{"rendered":"<p>[et_pb_section bb_built=\u00bb1&#8243; admin_label=\u00bbPage Title Section\u00bb _builder_version=\u00bb3.6&#8243; use_background_color_gradient=\u00bbon\u00bb background_color_gradient_start=\u00bb#6b73ff\u00bb background_color_gradient_end=\u00bb#dddddd\u00bb background_color_gradient_direction=\u00bb100deg\u00bb background_image=\u00bbhttp:\/\/happylearningschool.net\/wp-content\/uploads\/2018\/06\/section-bg.png\u00bb custom_padding=\u00bb100px||100px|\u00bb next_background_color=\u00bb#ffffff\u00bb][et_pb_row admin_label=\u00bbPage Title Area\u00bb _builder_version=\u00bb3.0.92&#8243;][et_pb_column type=\u00bb4_4&#8243;][et_pb_text admin_label=\u00bbTitle\u00bb background_layout=\u00bbdark\u00bb _builder_version=\u00bb3.6&#8243; text_font=\u00bbPoppins||||||||\u00bb text_font_size=\u00bb18px\u00bb text_line_height=\u00bb1.8em\u00bb header_font=\u00bbPoppins|600|||||||\u00bb header_font_size=\u00bb48px\u00bb header_line_height=\u00bb1.4em\u00bb text_orientation=\u00bbcenter\u00bb max_width=\u00bb700px\u00bb module_alignment=\u00bbcenter\u00bb custom_margin=\u00bb|||\u00bb animation_style=\u00bbfade\u00bb] \u00bfQUI\u00c9NES SOMOS? Somos un centro educativo comprometido con la formaci\u00f3n en valores, garantizando que los ni\u00f1os trabajen en libertad e independencia, para el [&hellip;]<\/p>\n","protected":false},"author":3,"featured_media":0,"parent":0,"menu_order":0,"comment_status":"closed","ping_status":"closed","template":"","meta":{"footnotes":""},"class_list":["post-206891","page","type-page","status-publish","hentry"],"_links":{"self":[{"href":"http:\/\/happylearningschool.net\/index.php?rest_route=\/wp\/v2\/pages\/206891"}],"collection":[{"href":"http:\/\/happylearningschool.net\/index.php?rest_route=\/wp\/v2\/pages"}],"about":[{"href":"http:\/\/happylearningschool.net\/index.php?rest_route=\/wp\/v2\/types\/page"}],"author":[{"embeddable":true,"href":"http:\/\/happylearningschool.net\/index.php?rest_route=\/wp\/v2\/users\/3"}],"replies":[{"embeddable":true,"href":"http:\/\/happylearningschool.net\/index.php?rest_route=%2Fwp%2Fv2%2Fcomments&post=206891"}],"version-history":[{"count":25,"href":"http:\/\/happylearningschool.net\/index.php?rest_route=\/wp\/v2\/pages\/206891\/revisions"}],"predecessor-version":[{"id":208331,"href":"http:\/\/happylearningschool.net\/index.php?rest_route=\/wp\/v2\/pages\/206891\/revisions\/208331"}],"wp:attachment":[{"href":"http:\/\/happylearningschool.net\/index.php?rest_route=%2Fwp%2Fv2%2Fmedia&parent=206891"}],"curies":[{"name":"wp","href":"https:\/\/api.w.org\/{rel}","templated":true}]}}